{"id":602,"date":"2021-11-03T16:37:16","date_gmt":"2021-11-03T16:37:16","guid":{"rendered":"https:\/\/www.gzv-huettenberg.de\/?page_id=602"},"modified":"2021-12-13T18:30:13","modified_gmt":"2021-12-13T18:30:13","slug":"der-vorstand-2","status":"publish","type":"page","link":"https:\/\/www.gzv-huettenberg.de\/?page_id=602","title":{"rendered":"Der Vorstand"},"content":{"rendered":"\n<h2 class=\"has-text-align-right wp-block-heading\"><strong>Stand 26.09.2021<\/strong><\/h2>\n\n\n\n<p><strong>Vorstand:<\/strong><\/p>\n\n\n\n<p>1. Vorsitzender: Markus Happel<\/p>\n\n\n\n<p>2. Vorsitzender: Andr\u00e9 Krug<\/p>\n\n\n\n<p><strong>Kassierer:<\/strong><\/p>\n\n\n\n<p>1. Kassierer: Volker Weber<\/p>\n\n\n\n<p>2. Kassierer: unbesetzt<\/p>\n\n\n\n<p><strong>Schriftf\u00fchrer:<\/strong><\/p>\n\n\n\n<p>1. Schriftf\u00fchrer: Olaf Dehnert<\/p>\n\n\n\n<p>2. Schriftf\u00fchrer:  Fabian Olbrich <\/p>\n\n\n\n<p><strong>Jugendsprecher:<\/strong>  unbesetzt<\/p>\n\n\n\n<p><strong>Zuchtwart:<\/strong>  unbesetzt<\/p>\n\n\n\n<p><strong>Beisitzer:<\/strong> Christian Faber<\/p>\n\n\n\n<p><strong>Beisitzer:<\/strong> Klaus Baschek<\/p>\n\n\n\n<p><strong>Beisitzer:<\/strong> Joachim Viehmann<\/p>\n\n\n\n<p><strong>Adresse Vereinsheim und Zuchtanlage:<\/strong><\/p>\n\n\n\n<p>Berliner Stra\u00dfe 3<br>35625 H\u00fcttenberg &#8211; Hochelheim<\/p>\n","protected":false},"excerpt":{"rendered":"<p>Stand 26.09.2021 Vorstand: 1. Vorsitzender: Markus Happel 2. Vorsitzender: Andr\u00e9 Krug Kassierer: 1. Kassierer: Volker Weber 2. Kassierer: unbesetzt Schriftf\u00fchrer: 1. Schriftf\u00fchrer: Olaf Dehnert 2. Schriftf\u00fchrer: Fabian Olbrich Jugendsprecher: unbesetzt Zuchtwart: unbesetzt Beisitzer: Christian Faber Beisitzer: Klaus Baschek Beisitzer: Joachim &hellip; <a href=\"https:\/\/www.gzv-huettenberg.de\/?page_id=602\">Weiterlesen <span class=\"meta-nav\">&rarr;<\/span><\/a><\/p>\n","protected":false},"author":2,"featured_media":0,"parent":0,"menu_order":0,"comment_status":"closed","ping_status":"closed","template":"","meta":{"footnotes":""},"class_list":["post-602","page","type-page","status-publish","hentry"],"_links":{"self":[{"href":"https:\/\/www.gzv-huettenberg.de\/index.php?rest_route=\/wp\/v2\/pages\/602","targetHints":{"allow":["GET"]}}],"collection":[{"href":"https:\/\/www.gzv-huettenberg.de\/index.php?rest_route=\/wp\/v2\/pages"}],"about":[{"href":"https:\/\/www.gzv-huettenberg.de\/index.php?rest_route=\/wp\/v2\/types\/page"}],"author":[{"embeddable":true,"href":"https:\/\/www.gzv-huettenberg.de\/index.php?rest_route=\/wp\/v2\/users\/2"}],"replies":[{"embeddable":true,"href":"https:\/\/www.gzv-huettenberg.de\/index.php?rest_route=%2Fwp%2Fv2%2Fcomments&post=602"}],"version-history":[{"count":3,"href":"https:\/\/www.gzv-huettenberg.de\/index.php?rest_route=\/wp\/v2\/pages\/602\/revisions"}],"predecessor-version":[{"id":818,"href":"https:\/\/www.gzv-huettenberg.de\/index.php?rest_route=\/wp\/v2\/pages\/602\/revisions\/818"}],"wp:attachment":[{"href":"https:\/\/www.gzv-huettenberg.de\/index.php?rest_route=%2Fwp%2Fv2%2Fmedia&parent=602"}],"curies":[{"name":"wp","href":"https:\/\/api.w.org\/{rel}","templated":true}]}}