{"id":122,"date":"2017-05-04T20:02:24","date_gmt":"2017-05-04T20:02:24","guid":{"rendered":"http:\/\/www.gzv-huettenberg.de\/?page_id=122"},"modified":"2021-12-13T15:09:45","modified_gmt":"2021-12-13T15:09:45","slug":"home-2","status":"publish","type":"page","link":"https:\/\/www.gzv-huettenberg.de\/","title":{"rendered":"Home"},"content":{"rendered":"<h2 style=\"text-align: center;\"><\/h2>\n<h2 style=\"text-align: center;\"><strong>Herzlich willkommen auf der <\/strong><\/h2>\n<h2 style=\"text-align: center;\"><strong>Homepage des <\/strong><\/h2>\n<h2 style=\"text-align: center;\"><strong>Gefl\u00fcgelzuchtverein H\u00fcttenberg e.V.<\/strong><\/h2>\n<h5><u>Zur Historie:<\/u><\/h5>\n<p>Der Verein, mit seinem jetzigen Namen, ist im Jahre 1968 durch den Zusammenschluss des bis dahin selbstst\u00e4ndigen Gefl\u00fcgelzuchtvereins H\u00f6rnsheim, gegr\u00fcndet 1927, und dem Gefl\u00fcgel-und Kaninchenzuchtverein Hochelheim, gegr\u00fcndet 1928, entstanden.<\/p>\n<p>W\u00e4hrend die Protokollb\u00fccher des Gefl\u00fcgel-und Kaninchenzuchtverein Hochelheim noch vollst\u00e4ndig vorhanden sind, ist bei dem GZV H\u00f6rnsheim, wohl auch durch die Wirren der Kriegs-und Nachkriegszeit, bis zum Jahre 1963 keine Niederschrift mehr vorhanden.<\/p>\n<p>Lediglich aus alten Ausstellungskatalogen der Kreis-Gefl\u00fcgel-Ausstellungen von 1933 und 1935 geht hervor, dass die Z\u00fcchter Wilhelm M\u00fcller 2. (mit Italiener silberfarbig), Anton Z\u00f6rb (mit Wyandottes wei\u00df), Wilhelm Lang (mit Wyandottes schwarz und westf\u00e4lische Totleger silber), Wilhelm Bepler (mit Leghorn wei\u00df), Hch. Hofmann (mit Rheinl\u00e4nder schwarz), Albert Ohly (mit Zwergwyandottes wei\u00df) und Friedrich Scheps (mit Antwerpener Bartzwerge schwarz) vom GZV H\u00f6rnsheim erfolgreich an diesen Schauen teilgenommen haben.<\/p>\n<p>Vom Gefl\u00fcgel-und Kaninchenzuchtverein Hochelheim sind in diesen Katalogen die Z\u00fcchter Wilhelm Schmidt (mit Rhodel\u00e4nder), Alfred Jung (mit Reichsh\u00fchner), Friedrich Schmid (mit Welsumer), Friedrich Mack (mit Italiener schwarz), Friedrich Bach (mit Italiener gestreift), Heinrich Schaum (mit Rheinl\u00e4nder schwarz und Zwerg-Rhodel\u00e4nder), Wilhelm Wagner (mit Sebright Bantam silber), Heinrich Birkenstock (mit Welsumer und Italiener gestreift) sowie Anton Faber (mit Altsteirer) als erfolgreiche Aussteller aufgef\u00fchrt.<\/p>\n<p><strong><span style=\"color: #ff0000;\">\u00dcbersetzung des Gr\u00fcndungsprotokolls von Seite 15<\/span><\/strong><\/p>\n<p>Hochelheim, d. 6.10.28<\/p>\n<p>Gefl\u00fcgel &amp; Kaninchenzuchtverein Hochelheim<\/p>\n<p>Auf Einladung von Herrn Heinrich Schaum hier, trafen sich am Samstag d. 6.10.28 in der Gastwirtschaft v. Karl Franz hier, ungef\u00e4hr 25 Freunde der Gefl\u00fcgelzucht, zwecks Gr\u00fcndung eines Vereins. Der Vorsitzende des Gefl\u00fcgelzuchtvereins Gr.-Linden war auch u.a. erschienen und er\u00f6ffnete die Versammlung und hielt eine Ansprache \u00fcber den Zweck des Gefl\u00fcgelzuchtvereins, nach derselben forderte er zur Gr\u00fcndung des Verein auf. Es unterzeichneten sich 19 Freunde der Gefl\u00fcgelzucht als Mitglieder. Nachdem fand die Wahl des Vorstandes statt:<\/p>\n<ol>\n<li style=\"list-style-type: none;\">\n<ol>1. Vorsitzender: Heinrich Schaum<\/ol>\n<\/li>\n<li style=\"list-style-type: none;\">\n<ol>2. Vorsitzender:\u00a0Heinrich Jung<\/ol>\n<\/li>\n<li style=\"list-style-type: none;\">\n<ol>1. Schriftf\u00fchrer: Anton Weber<\/ol>\n<\/li>\n<li style=\"list-style-type: none;\">\n<ol>2. Schriftf\u00fchrer: Karl Hepp<\/ol>\n<\/li>\n<li style=\"list-style-type: none;\">\n<ol>1. Kassierer: Wilh. Schmidt<\/ol>\n<\/li>\n<li style=\"list-style-type: none;\">\n<ol>2. Kassierer: Wilh. Weber<\/ol>\n<\/li>\n<li style=\"list-style-type: none;\">\n<ol>Beisitzer: Vorsteher Jung<\/ol>\n<\/li>\n<li style=\"list-style-type: none;\">\n<ol>Beisitzer:\u00a0Wilh. Eckhardt<\/ol>\n<\/li>\n<li style=\"list-style-type: none;\">\n<ol>Beisitzer:\u00a0Wilh. Thei\u00df<\/ol>\n<\/li>\n<li style=\"list-style-type: none;\">\n<ol>Vereinsdiener: Alfred Jung<\/ol>\n<\/li>\n<\/ol>\n<h5><u>Unser Auftrag:<\/u><\/h5>\n<p>Unser Ziel ist es, die Rassegefl\u00fcgelzucht zu erhalten und zu pflegen. Auch sind wir unerm\u00fcdlich dabei seltene Gefl\u00fcgelarten vor dem Aussterben zu bewahren.<\/p>\n<h5><u>Der Verein:<\/u><\/h5>\n<p>Im Zuge von Tier- und Gefl\u00fcgelschauen bei Kreis-, Hessen- und Deutsche Meisterschaften erzielten unsere Z\u00fcchter gro\u00dfe Erfolge. Wir sind an den Kreis, Landes und BDRG (Bund deutscher Rassegefl\u00fcgelz\u00fcchter) angeschlossen.<\/p>\n<p>Unsere Anlage sowie das Vereinsheim befinden sich in der Berliner Stra\u00dfe 3 in Hochelheim, die im Zuge von &#8222;Unser Dorf soll sch\u00f6ner werden&#8220; im Gr\u00fcndungsjahr angelegt wurde. Das Vereinsgel\u00e4nde hat ein Arial von 3.600 qm. Hier sind 15 Volieren und eine Teichanlage untergebracht. Wir sind auch gerne behilflich beim Aufbau einer Zucht sowie der Beschaffung geeigneter Voliere auf unserer Zuchtanlage.<\/p>\n<p>Sie k\u00f6nnen t\u00e4glich durch den Gefl\u00fcgelpark spazieren und sich informieren. Der Eintritt ist selbstverst\u00e4ndlich kostenlos.<\/p>\n","protected":false},"excerpt":{"rendered":"<p>Herzlich willkommen auf der Homepage des Gefl\u00fcgelzuchtverein H\u00fcttenberg e.V. Zur Historie: Der Verein, mit seinem jetzigen Namen, ist im Jahre 1968 durch den Zusammenschluss des bis dahin selbstst\u00e4ndigen Gefl\u00fcgelzuchtvereins H\u00f6rnsheim, gegr\u00fcndet 1927, und dem Gefl\u00fcgel-und Kaninchenzuchtverein Hochelheim, gegr\u00fcndet 1928, entstanden. &hellip; <a href=\"https:\/\/www.gzv-huettenberg.de\/\">Weiterlesen <span class=\"meta-nav\">&rarr;<\/span><\/a><\/p>\n","protected":false},"author":2,"featured_media":0,"parent":0,"menu_order":1,"comment_status":"closed","ping_status":"closed","template":"","meta":{"footnotes":""},"class_list":["post-122","page","type-page","status-publish","hentry"],"_links":{"self":[{"href":"https:\/\/www.gzv-huettenberg.de\/index.php?rest_route=\/wp\/v2\/pages\/122","targetHints":{"allow":["GET"]}}],"collection":[{"href":"https:\/\/www.gzv-huettenberg.de\/index.php?rest_route=\/wp\/v2\/pages"}],"about":[{"href":"https:\/\/www.gzv-huettenberg.de\/index.php?rest_route=\/wp\/v2\/types\/page"}],"author":[{"embeddable":true,"href":"https:\/\/www.gzv-huettenberg.de\/index.php?rest_route=\/wp\/v2\/users\/2"}],"replies":[{"embeddable":true,"href":"https:\/\/www.gzv-huettenberg.de\/index.php?rest_route=%2Fwp%2Fv2%2Fcomments&post=122"}],"version-history":[{"count":28,"href":"https:\/\/www.gzv-huettenberg.de\/index.php?rest_route=\/wp\/v2\/pages\/122\/revisions"}],"predecessor-version":[{"id":824,"href":"https:\/\/www.gzv-huettenberg.de\/index.php?rest_route=\/wp\/v2\/pages\/122\/revisions\/824"}],"wp:attachment":[{"href":"https:\/\/www.gzv-huettenberg.de\/index.php?rest_route=%2Fwp%2Fv2%2Fmedia&parent=122"}],"curies":[{"name":"wp","href":"https:\/\/api.w.org\/{rel}","templated":true}]}}